{"id":143,"date":"2019-11-19T09:22:45","date_gmt":"2019-11-19T09:22:45","guid":{"rendered":"https:\/\/www.cronicasliterarias.es\/?page_id=143"},"modified":"2026-03-18T11:35:31","modified_gmt":"2026-03-18T11:35:31","slug":"j-j-castillo","status":"publish","type":"page","link":"https:\/\/www.cronicasliterarias.es\/?page_id=143","title":{"rendered":"J. J. Castillo"},"content":{"rendered":"\n<div class=\"wp-block-group has-black-color has-pale-cyan-blue-background-color has-text-color has-background\"><div class=\"wp-block-group__inner-container is-layout-flow wp-block-group-is-layout-flow\">\n<p style=\"text-align: center;\"><strong>J. J. Castillo<\/strong> estudi\u00f3 en la Universidad del Terror desde su infancia ochentera. Escribe novelas, relatos y guiones y es autor de <strong><em>Cuando Susanah Llora<\/em><\/strong>, novela de zombies que public\u00f3 Dolmen Editorial:<\/p>\n<p style=\"text-align: center;\"><strong><em><a href=\"https:\/\/anikaentrelibros.com\/cuando-susanah-llora\">https:\/\/anikaentrelibros.com\/cuando-susanah-llora<\/a><\/em><\/strong><\/p>\n<p style=\"text-align: center;\">(<a href=\"https:\/\/dolmeneditorial.com\/tienda\/cuando-susanah-llora\/\">https:\/\/dolmeneditorial.com\/tienda\/cuando-susanah-llora\/<\/a> )<\/p>\n<p style=\"text-align: center;\">Ha colaborado en cantidad de revistas de g\u00e9nero y antolog\u00edas de diversas editoriales donde se promueve el Terror, la Fantas\u00eda y la Ciencia Ficci\u00f3n. Tras su retiro de la Ciudad que Nunca Duerme, se dice que reside en una zona de monta\u00f1as escarpadas, pr\u00e1cticamente inaccesible y rodeada de bosques de eucaliptos donde las noches de luna llena son la principal atracci\u00f3n tur\u00edstica.<\/p>\n<p style=\"text-align: center;\">Desde 2014 es Coordinador de la web <strong><em>Desde New York &#8211; Cr\u00f3nicas Literarias<\/em><\/strong>.<\/p>\n<p style=\"text-align: center;\">Bibliograf\u00eda:\u00a0 <em><a href=\"https:\/\/tercerafundacion.net\/biblioteca\/ver\/persona\/6081\">https:\/\/tercerafundacion.net\/biblioteca\/ver\/persona\/6081<\/a>\u00a0<\/em><\/p>\n\n\n\n<p><\/p>\n<\/div><\/div>\n","protected":false},"excerpt":{"rendered":"<p>J. J. Castillo estudi\u00f3 en la Universidad del Terror desde su infancia ochentera. Escribe novelas, relatos y guiones y es autor de Cuando Susanah Llora, novela de zombies que public\u00f3 Dolmen Editorial: https:\/\/anikaentrelibros.com\/cuando-susanah-llora (https:\/\/dolmeneditorial.com\/tienda\/cuando-susanah-llora\/ ) Ha colaborado en cantidad de revistas de g\u00e9nero y antolog\u00edas de diversas editoriales donde se promueve el Terror, la Fantas\u00eda [&hellip;]<\/p>\n","protected":false},"author":1,"featured_media":20785,"parent":0,"menu_order":0,"comment_status":"closed","ping_status":"closed","template":"","meta":{"footnotes":""},"class_list":["post-143","page","type-page","status-publish","has-post-thumbnail","hentry"],"_links":{"self":[{"href":"https:\/\/www.cronicasliterarias.es\/index.php?rest_route=\/wp\/v2\/pages\/143","targetHints":{"allow":["GET"]}}],"collection":[{"href":"https:\/\/www.cronicasliterarias.es\/index.php?rest_route=\/wp\/v2\/pages"}],"about":[{"href":"https:\/\/www.cronicasliterarias.es\/index.php?rest_route=\/wp\/v2\/types\/page"}],"author":[{"embeddable":true,"href":"https:\/\/www.cronicasliterarias.es\/index.php?rest_route=\/wp\/v2\/users\/1"}],"replies":[{"embeddable":true,"href":"https:\/\/www.cronicasliterarias.es\/index.php?rest_route=%2Fwp%2Fv2%2Fcomments&post=143"}],"version-history":[{"count":19,"href":"https:\/\/www.cronicasliterarias.es\/index.php?rest_route=\/wp\/v2\/pages\/143\/revisions"}],"predecessor-version":[{"id":20788,"href":"https:\/\/www.cronicasliterarias.es\/index.php?rest_route=\/wp\/v2\/pages\/143\/revisions\/20788"}],"wp:featuredmedia":[{"embeddable":true,"href":"https:\/\/www.cronicasliterarias.es\/index.php?rest_route=\/wp\/v2\/media\/20785"}],"wp:attachment":[{"href":"https:\/\/www.cronicasliterarias.es\/index.php?rest_route=%2Fwp%2Fv2%2Fmedia&parent=143"}],"curies":[{"name":"wp","href":"https:\/\/api.w.org\/{rel}","templated":true}]}}